{"id":120,"date":"2026-04-16T08:37:22","date_gmt":"2026-04-16T08:37:22","guid":{"rendered":"https:\/\/minaclavuot.ch\/?page_id=120"},"modified":"2026-04-16T09:37:40","modified_gmt":"2026-04-16T09:37:40","slug":"120-2","status":"publish","type":"page","link":"https:\/\/minaclavuot.ch\/index.php\/120-2\/","title":{"rendered":"Mina Clavuot"},"content":{"rendered":"\n<div class=\"wp-block-group alignfull has-global-padding is-content-justification-center is-layout-constrained wp-block-group-is-layout-constrained\" style=\"margin-top:0;margin-bottom:0\">\n<div style=\"height:7px\" aria-hidden=\"true\" class=\"wp-block-spacer\"><\/div>\n\n\n\n<div class=\"wp-block-group alignwide is-layout-flow wp-block-group-is-layout-flow\">\n<div class=\"wp-block-columns alignwide are-vertically-aligned-top is-layout-flex wp-container-core-columns-is-layout-5c8fb865 wp-block-columns-is-layout-flex\">\n<div class=\"wp-block-column is-vertically-aligned-top has-global-padding is-content-justification-left is-layout-constrained wp-container-core-column-is-layout-95996b15 wp-block-column-is-layout-constrained\">\n<figure class=\"wp-block-image alignright size-large wp-duotone-unset-1\"><img loading=\"lazy\" decoding=\"async\" width=\"849\" height=\"1024\" src=\"https:\/\/minaclavuot.ch\/wp-content\/uploads\/2026\/04\/dsc03014-849x1024.jpg\" alt=\"\" class=\"wp-image-127\" srcset=\"https:\/\/minaclavuot.ch\/wp-content\/uploads\/2026\/04\/dsc03014-849x1024.jpg 849w, https:\/\/minaclavuot.ch\/wp-content\/uploads\/2026\/04\/dsc03014-249x300.jpg 249w, https:\/\/minaclavuot.ch\/wp-content\/uploads\/2026\/04\/dsc03014-768x926.jpg 768w, https:\/\/minaclavuot.ch\/wp-content\/uploads\/2026\/04\/dsc03014-1273x1536.jpg 1273w, https:\/\/minaclavuot.ch\/wp-content\/uploads\/2026\/04\/dsc03014.jpg 1658w\" sizes=\"auto, (max-width: 849px) 100vw, 849px\" \/><\/figure>\n<\/div>\n\n\n\n<div class=\"wp-block-column is-vertically-aligned-top is-layout-flow wp-block-column-is-layout-flow\" style=\"flex-basis:40%\">\n<h3 class=\"wp-block-heading\">Mina Clavuot<\/h3>\n\n\n\n<p>Wissenschaftliche Zeichnerin<\/p>\n\n\n\n<p>Seit 1977 wohnhaft in Almens, freie T\u00e4tigkeit als Kulturschaffende<br>Aus- und Weiterbildung an der Schule f\u00fcr Gestaltung Z\u00fcrich (ZHdK)<br>Erwachsenenbildnerin SVEB 1 Kursleiterin f\u00fcr Schrift und Zeichnen<br>Aktivmitglied der Druckwerkstatt Schloss Haldenstein<br>Mitglied \u201eThe Society for Italic Handwriting\u201c UK<br>Mitglied der Schweizerischen Kalligraphischen Gesellschaft<\/p>\n\n\n\n<p><a href=\"https:\/\/www.druckwerkstatt-haldenstein.ch\/\" data-type=\"link\" data-id=\"http:\/\/www.druckwerkstatt-haldenstein.ch\/mina-clavuot\">Druckwerkstatt Haldenstein \u2013 Mina Clavuot<\/a><br><a href=\"http:\/\/www.minaclavuot.ch\/Freie_Sicht.pdf\" data-type=\"link\" data-id=\"http:\/\/www.minaclavuot.ch\/Freie_Sicht.pdf\">&#8222;Freie Sicht auf die Berge&#8220; \u2013 Zeitungsartikel<\/a><br><a href=\"https:\/\/www.hochparterre.ch\/nachrichten\/design\/blog\/post\/detail\/kunsthandwerk-praemiert\/1328199500\/\" data-type=\"link\" data-id=\"https:\/\/www.hochparterre.ch\/nachrichten\/design\/blog\/post\/detail\/kunsthandwerk-praemiert\/1328199500\/\">Hochparterre \u2013 Kunsthandwerk pr\u00e4miert<\/a><\/p>\n\n\n\n<h3 class=\"wp-block-heading\">Kontakt<\/h3>\n\n\n\n<p>Mina Clavuot<br>Tobelstrase 36<br>7416 Almens\u00a0<br>Tel: 081 655 17 26<br><a href=\"mailto:minaclavuot@sunrise.ch%20\">minaclavuot@sunrise.ch\u00a0<\/a><\/p>\n\n\n\n<p><br><br><br><br><\/p>\n<\/div>\n<\/div>\n\n\n\n<div style=\"height:var(--wp--preset--spacing--20)\" aria-hidden=\"true\" class=\"wp-block-spacer\"><\/div>\n<\/div>\n\n\n\n<div style=\"height:var(--wp--preset--spacing--20)\" aria-hidden=\"true\" class=\"wp-block-spacer\"><\/div>\n<\/div>\n\n\n\n<p><\/p>\n","protected":false},"excerpt":{"rendered":"<p>Mina Clavuot Wissenschaftliche Zeichnerin Seit 1977 wohnhaft in Almens, freie T\u00e4tigkeit als KulturschaffendeAus- und Weiterbildung an der Schule f\u00fcr Gestaltung Z\u00fcrich (ZHdK)Erwachsenenbildnerin SVEB 1 Kursleiterin f\u00fcr Schrift und ZeichnenAktivmitglied der Druckwerkstatt Schloss HaldensteinMitglied \u201eThe Society for Italic Handwriting\u201c UKMitglied der Schweizerischen Kalligraphischen Gesellschaft Druckwerkstatt Haldenstein \u2013 Mina Clavuot&#8222;Freie Sicht auf die Berge&#8220; \u2013 ZeitungsartikelHochparterre \u2013 [&hellip;]<\/p>\n","protected":false},"author":1,"featured_media":0,"parent":0,"menu_order":0,"comment_status":"closed","ping_status":"closed","template":"","meta":{"footnotes":""},"categories":[],"tags":[],"class_list":["post-120","page","type-page","status-publish","hentry"],"_links":{"self":[{"href":"https:\/\/minaclavuot.ch\/index.php\/wp-json\/wp\/v2\/pages\/120","targetHints":{"allow":["GET"]}}],"collection":[{"href":"https:\/\/minaclavuot.ch\/index.php\/wp-json\/wp\/v2\/pages"}],"about":[{"href":"https:\/\/minaclavuot.ch\/index.php\/wp-json\/wp\/v2\/types\/page"}],"author":[{"embeddable":true,"href":"https:\/\/minaclavuot.ch\/index.php\/wp-json\/wp\/v2\/users\/1"}],"replies":[{"embeddable":true,"href":"https:\/\/minaclavuot.ch\/index.php\/wp-json\/wp\/v2\/comments?post=120"}],"version-history":[{"count":13,"href":"https:\/\/minaclavuot.ch\/index.php\/wp-json\/wp\/v2\/pages\/120\/revisions"}],"predecessor-version":[{"id":155,"href":"https:\/\/minaclavuot.ch\/index.php\/wp-json\/wp\/v2\/pages\/120\/revisions\/155"}],"wp:attachment":[{"href":"https:\/\/minaclavuot.ch\/index.php\/wp-json\/wp\/v2\/media?parent=120"}],"wp:term":[{"taxonomy":"category","embeddable":true,"href":"https:\/\/minaclavuot.ch\/index.php\/wp-json\/wp\/v2\/categories?post=120"},{"taxonomy":"post_tag","embeddable":true,"href":"https:\/\/minaclavuot.ch\/index.php\/wp-json\/wp\/v2\/tags?post=120"}],"curies":[{"name":"wp","href":"https:\/\/api.w.org\/{rel}","templated":true}]}}